{"id":234,"date":"2023-01-24T11:21:31","date_gmt":"2023-01-24T11:21:31","guid":{"rendered":"https:\/\/velasblancas.com\/?page_id=234"},"modified":"2024-07-10T08:58:07","modified_gmt":"2024-07-10T08:58:07","slug":"politica-de-cookies","status":"publish","type":"page","link":"https:\/\/velasblancas.com\/en\/politica-de-cookies\/","title":{"rendered":"Cookie Policy"},"content":{"rendered":"<div data-elementor-type=\"wp-page\" data-elementor-id=\"234\" class=\"elementor elementor-234\">\n\t\t\t\t\t\t<section class=\"elementor-section elementor-top-section elementor-element elementor-element-1aa6df2e elementor-section-boxed elementor-section-height-default elementor-section-height-default\" data-id=\"1aa6df2e\" data-element_type=\"section\" data-e-type=\"section\">\n\t\t\t\t\t\t<div class=\"elementor-container elementor-column-gap-default\">\n\t\t\t\t\t<div class=\"elementor-column elementor-col-100 elementor-top-column elementor-element elementor-element-3d0c01e1\" data-id=\"3d0c01e1\" data-element_type=\"column\" data-e-type=\"column\">\n\t\t\t<div class=\"elementor-widget-wrap elementor-element-populated\">\n\t\t\t\t\t\t<div class=\"elementor-element elementor-element-7e9fb7b2 elementor-widget elementor-widget-text-editor\" data-id=\"7e9fb7b2\" data-element_type=\"widget\" data-e-type=\"widget\" data-widget_type=\"text-editor.default\">\n\t\t\t\t<div class=\"elementor-widget-container\">\n\t\t\t\t\t\t\t\t\t<p>Fecha de actualizaci\u00f3n: 24-01-2023<br \/><br \/><\/p><p>\u00a0<\/p><h5>\u00bfQu\u00e9 son las cookies?<\/h5><div class=\"cookie-policy-p\"><p>Esta Pol\u00edtica de cookies explica qu\u00e9 son las cookies y c\u00f3mo las usamos, los tipos de cookies que usamos, es decir, la informaci\u00f3n que recopilamos usando cookies y c\u00f3mo se usa esa informaci\u00f3n, y c\u00f3mo administrar la configuraci\u00f3n de cookies.<\/p><p>Las cookies son peque\u00f1os archivos de texto que se utilizan para almacenar peque\u00f1os fragmentos de informaci\u00f3n. Se almacenan en su dispositivo cuando el sitio web se carga en su navegador. Estas cookies nos ayudan a hacer que el sitio web funcione correctamente, hacerlo m\u00e1s seguro, brindar una mejor experiencia de usuario y comprender c\u00f3mo funciona el sitio web y analizar qu\u00e9 funciona y d\u00f3nde necesita mejorar.<\/p><\/div><p>\u00a0<\/p><h5>\u00bfC\u00f3mo usamos las cookies?<\/h5><div class=\"cookie-policy-p\"><p>Como la mayor\u00eda de los servicios en l\u00ednea, nuestro sitio web utiliza cookies propias y de terceros para varios prop\u00f3sitos. Las cookies de origen son en su mayor\u00eda necesarias para que el sitio web funcione correctamente y no recopilan ninguno de sus datos de identificaci\u00f3n personal.<\/p><p>Las cookies de terceros utilizadas en nuestro sitio web son principalmente para comprender c\u00f3mo funciona el sitio web, c\u00f3mo interact\u00faa con nuestro sitio web, mantener nuestros servicios seguros, proporcionar anuncios que son relevantes para usted y, en general, brindarle un usuario mejor y mejorado. experimentar y ayudar a acelerar sus futuras interacciones con nuestro sitio web.<\/p><\/div><p>\u00a0<\/p><h5>Tipos de cookies que utilizamos<\/h5><div class=\"cky-audit-table-element\">\u00a0<\/div><p>\u00a0<\/p><h5 style=\"margin-bottom: 20px;\">Preferencias de cookies<\/h5><p><button><a class=\"cky-banner-element\">Preferencias<\/a><\/button><\/p><div><p>Puede cambiar sus preferencias de cookies en cualquier momento haciendo clic en el bot\u00f3n de arriba. Esto le permitir\u00e1 volver a visitar el banner de consentimiento de cookies y cambiar sus preferencias o retirar su consentimiento de inmediato.<\/p><p>Adem\u00e1s de esto, los diferentes navegadores brindan diferentes m\u00e9todos para bloquear y eliminar las cookies utilizadas por los sitios web. Puede cambiar la configuraci\u00f3n de su navegador para bloquear\/eliminar las cookies. A continuaci\u00f3n se enumeran los enlaces a los documentos de soporte sobre c\u00f3mo administrar y eliminar las cookies de los principales navegadores web.<\/p><p>Chrome: <a href=\"https:\/\/support.google.com\/accounts\/answer\/32050\" target=\"_blank\" rel=\"noopener noreferrer\">https:\/\/support.google.com\/accounts\/answer\/32050<\/a><\/p><p>Safari: <a href=\"https:\/\/support.apple.com\/en-in\/guide\/safari\/sfri11471\/mac\" target=\"_blank\" rel=\"noopener noreferrer\">https:\/\/support.apple.com\/en-in\/guide\/safari\/sfri11471\/mac<\/a><\/p><p>Firefox: <a href=\"https:\/\/support.mozilla.org\/en-US\/kb\/clear-cookies-and-site-data-firefox?redirectslug=delete-cookies-remove-info-websites-stored&amp;redirectlocale=en-US\" target=\"_blank\" rel=\"noopener noreferrer\">https:\/\/support.mozilla.org\/en-US\/kb\/clear-cookies-and-site-data-firefox?redirectslug=delete-cookies-remove-info-websites-stored&amp;redirectlocale=en-US<\/a><\/p><p>Internet Explorer: <a href=\"https:\/\/support.microsoft.com\/en-us\/topic\/how-to-delete-cookie-files-in-internet-explorer-bca9446f-d873-78de-77ba-d42645fa52fc\" target=\"_blank\" rel=\"noopener noreferrer\">https:\/\/support.microsoft.com\/en-us\/topic\/how-to-delete-cookie-files-in-internet-explorer-bca9446f-d873-78de-77ba-d42645fa52fc<\/a><\/p><p>Si est\u00e1 utilizando cualquier otro navegador web, visite los documentos de soporte oficiales de su navegador.<\/p><p>\u00a0<\/p><\/div>\t\t\t\t\t\t\t\t<\/div>\n\t\t\t\t<\/div>\n\t\t\t\t\t<\/div>\n\t\t<\/div>\n\t\t\t\t\t<\/div>\n\t\t<\/section>\n\t\t\t\t<\/div>","protected":false},"excerpt":{"rendered":"<p>Fecha de actualizaci\u00f3n: 24-01-2023 \u00bfQu\u00e9 son las cookies? Esta Pol\u00edtica de cookies explica qu\u00e9 son las cookies y c\u00f3mo las usamos, los tipos de cookies que usamos, es decir, la informaci\u00f3n que recopilamos usando cookies y c\u00f3mo se usa esa informaci\u00f3n, y c\u00f3mo administrar la configuraci\u00f3n de cookies. Las cookies son peque\u00f1os archivos de texto [&hellip;]<\/p>\n","protected":false},"author":1,"featured_media":0,"parent":0,"menu_order":0,"comment_status":"closed","ping_status":"closed","template":"","meta":{"footnotes":""},"class_list":["post-234","page","type-page","status-publish","hentry"],"yoast_head":"<!-- This site is optimized with the Yoast SEO plugin v27.5 - https:\/\/yoast.com\/product\/yoast-seo-wordpress\/ -->\n<title>Pol\u00edtica de Cookies - Velas Blancas: Club de Navegaci\u00f3n<\/title>\n<meta name=\"robots\" content=\"noindex, follow\" \/>\n<meta property=\"og:locale\" content=\"en_GB\" \/>\n<meta property=\"og:type\" content=\"article\" \/>\n<meta property=\"og:title\" content=\"Pol\u00edtica de Cookies - Velas Blancas: Club de Navegaci\u00f3n\" \/>\n<meta property=\"og:description\" content=\"Fecha de actualizaci\u00f3n: 24-01-2023 \u00bfQu\u00e9 son las cookies? Esta Pol\u00edtica de cookies explica qu\u00e9 son las cookies y c\u00f3mo las usamos, los tipos de cookies que usamos, es decir, la informaci\u00f3n que recopilamos usando cookies y c\u00f3mo se usa esa informaci\u00f3n, y c\u00f3mo administrar la configuraci\u00f3n de cookies. Las cookies son peque\u00f1os archivos de texto [&hellip;]\" \/>\n<meta property=\"og:url\" content=\"https:\/\/velasblancas.com\/en\/politica-de-cookies\/\" \/>\n<meta property=\"og:site_name\" content=\"Velas Blancas: Club de Navegaci\u00f3n\" \/>\n<meta property=\"article:modified_time\" content=\"2024-07-10T08:58:07+00:00\" \/>\n<meta property=\"og:image\" content=\"https:\/\/velasblancas.com\/wp-content\/uploads\/2023\/05\/barco-navegacion-compartida-valencia-2.jpeg\" \/>\n\t<meta property=\"og:image:width\" content=\"1536\" \/>\n\t<meta property=\"og:image:height\" content=\"2048\" \/>\n\t<meta property=\"og:image:type\" content=\"image\/jpeg\" \/>\n<meta name=\"twitter:card\" content=\"summary_large_image\" \/>\n<meta name=\"twitter:label1\" content=\"Estimated reading time\" \/>\n\t<meta name=\"twitter:data1\" content=\"2 minutes\" \/>\n<script type=\"application\/ld+json\" class=\"yoast-schema-graph\">{\"@context\":\"https:\\\/\\\/schema.org\",\"@graph\":[{\"@type\":\"WebPage\",\"@id\":\"https:\\\/\\\/velasblancas.com\\\/politica-de-cookies\\\/\",\"url\":\"https:\\\/\\\/velasblancas.com\\\/politica-de-cookies\\\/\",\"name\":\"Pol\u00edtica de Cookies - Velas Blancas: Club de Navegaci\u00f3n\",\"isPartOf\":{\"@id\":\"https:\\\/\\\/velasblancas.com\\\/#website\"},\"datePublished\":\"2023-01-24T11:21:31+00:00\",\"dateModified\":\"2024-07-10T08:58:07+00:00\",\"breadcrumb\":{\"@id\":\"https:\\\/\\\/velasblancas.com\\\/politica-de-cookies\\\/#breadcrumb\"},\"inLanguage\":\"en-GB\",\"potentialAction\":[{\"@type\":\"ReadAction\",\"target\":[\"https:\\\/\\\/velasblancas.com\\\/politica-de-cookies\\\/\"]}]},{\"@type\":\"BreadcrumbList\",\"@id\":\"https:\\\/\\\/velasblancas.com\\\/politica-de-cookies\\\/#breadcrumb\",\"itemListElement\":[{\"@type\":\"ListItem\",\"position\":1,\"name\":\"Portada\",\"item\":\"https:\\\/\\\/velasblancas.com\\\/\"},{\"@type\":\"ListItem\",\"position\":2,\"name\":\"Pol\u00edtica de Cookies\"}]},{\"@type\":\"WebSite\",\"@id\":\"https:\\\/\\\/velasblancas.com\\\/#website\",\"url\":\"https:\\\/\\\/velasblancas.com\\\/\",\"name\":\"Velas Blancas Club de Navegaci\u00f3n\",\"description\":\"Tu oportunidad para disfrutar del mar\",\"publisher\":{\"@id\":\"https:\\\/\\\/velasblancas.com\\\/#organization\"},\"alternateName\":\"Velas Blancas Club\",\"potentialAction\":[{\"@type\":\"SearchAction\",\"target\":{\"@type\":\"EntryPoint\",\"urlTemplate\":\"https:\\\/\\\/velasblancas.com\\\/?s={search_term_string}\"},\"query-input\":{\"@type\":\"PropertyValueSpecification\",\"valueRequired\":true,\"valueName\":\"search_term_string\"}}],\"inLanguage\":\"en-GB\"},{\"@type\":\"Organization\",\"@id\":\"https:\\\/\\\/velasblancas.com\\\/#organization\",\"name\":\"Velas Blancas | Club de Navegaci\u00f3n\",\"url\":\"https:\\\/\\\/velasblancas.com\\\/\",\"logo\":{\"@type\":\"ImageObject\",\"inLanguage\":\"en-GB\",\"@id\":\"https:\\\/\\\/velasblancas.com\\\/#\\\/schema\\\/logo\\\/image\\\/\",\"url\":\"https:\\\/\\\/velasblancas.com\\\/wp-content\\\/uploads\\\/2023\\\/01\\\/logo-velas-blancas-full.png\",\"contentUrl\":\"https:\\\/\\\/velasblancas.com\\\/wp-content\\\/uploads\\\/2023\\\/01\\\/logo-velas-blancas-full.png\",\"width\":1000,\"height\":414,\"caption\":\"Velas Blancas | Club de Navegaci\u00f3n\"},\"image\":{\"@id\":\"https:\\\/\\\/velasblancas.com\\\/#\\\/schema\\\/logo\\\/image\\\/\"},\"sameAs\":[\"https:\\\/\\\/www.instagram.com\\\/velasblancasclub\\\/\"]}]}<\/script>\n<!-- \/ Yoast SEO plugin. -->","yoast_head_json":{"title":"Pol\u00edtica de Cookies - Velas Blancas: Club de Navegaci\u00f3n","robots":{"index":"noindex","follow":"follow"},"og_locale":"en_GB","og_type":"article","og_title":"Pol\u00edtica de Cookies - Velas Blancas: Club de Navegaci\u00f3n","og_description":"Fecha de actualizaci\u00f3n: 24-01-2023 \u00bfQu\u00e9 son las cookies? Esta Pol\u00edtica de cookies explica qu\u00e9 son las cookies y c\u00f3mo las usamos, los tipos de cookies que usamos, es decir, la informaci\u00f3n que recopilamos usando cookies y c\u00f3mo se usa esa informaci\u00f3n, y c\u00f3mo administrar la configuraci\u00f3n de cookies. Las cookies son peque\u00f1os archivos de texto [&hellip;]","og_url":"https:\/\/velasblancas.com\/en\/politica-de-cookies\/","og_site_name":"Velas Blancas: Club de Navegaci\u00f3n","article_modified_time":"2024-07-10T08:58:07+00:00","og_image":[{"width":1536,"height":2048,"url":"https:\/\/velasblancas.com\/wp-content\/uploads\/2023\/05\/barco-navegacion-compartida-valencia-2.jpeg","type":"image\/jpeg"}],"twitter_card":"summary_large_image","twitter_misc":{"Estimated reading time":"2 minutes"},"schema":{"@context":"https:\/\/schema.org","@graph":[{"@type":"WebPage","@id":"https:\/\/velasblancas.com\/politica-de-cookies\/","url":"https:\/\/velasblancas.com\/politica-de-cookies\/","name":"Pol\u00edtica de Cookies - Velas Blancas: Club de Navegaci\u00f3n","isPartOf":{"@id":"https:\/\/velasblancas.com\/#website"},"datePublished":"2023-01-24T11:21:31+00:00","dateModified":"2024-07-10T08:58:07+00:00","breadcrumb":{"@id":"https:\/\/velasblancas.com\/politica-de-cookies\/#breadcrumb"},"inLanguage":"en-GB","potentialAction":[{"@type":"ReadAction","target":["https:\/\/velasblancas.com\/politica-de-cookies\/"]}]},{"@type":"BreadcrumbList","@id":"https:\/\/velasblancas.com\/politica-de-cookies\/#breadcrumb","itemListElement":[{"@type":"ListItem","position":1,"name":"Portada","item":"https:\/\/velasblancas.com\/"},{"@type":"ListItem","position":2,"name":"Pol\u00edtica de Cookies"}]},{"@type":"WebSite","@id":"https:\/\/velasblancas.com\/#website","url":"https:\/\/velasblancas.com\/","name":"Velas Blancas Sailing Club","description":"Your opportunity to enjoy the sea","publisher":{"@id":"https:\/\/velasblancas.com\/#organization"},"alternateName":"Velas Blancas Club","potentialAction":[{"@type":"SearchAction","target":{"@type":"EntryPoint","urlTemplate":"https:\/\/velasblancas.com\/?s={search_term_string}"},"query-input":{"@type":"PropertyValueSpecification","valueRequired":true,"valueName":"search_term_string"}}],"inLanguage":"en-GB"},{"@type":"Organization","@id":"https:\/\/velasblancas.com\/#organization","name":"Velas Blancas | Club de Navegaci\u00f3n","url":"https:\/\/velasblancas.com\/","logo":{"@type":"ImageObject","inLanguage":"en-GB","@id":"https:\/\/velasblancas.com\/#\/schema\/logo\/image\/","url":"https:\/\/velasblancas.com\/wp-content\/uploads\/2023\/01\/logo-velas-blancas-full.png","contentUrl":"https:\/\/velasblancas.com\/wp-content\/uploads\/2023\/01\/logo-velas-blancas-full.png","width":1000,"height":414,"caption":"Velas Blancas | Club de Navegaci\u00f3n"},"image":{"@id":"https:\/\/velasblancas.com\/#\/schema\/logo\/image\/"},"sameAs":["https:\/\/www.instagram.com\/velasblancasclub\/"]}]}},"_links":{"self":[{"href":"https:\/\/velasblancas.com\/en\/wp-json\/wp\/v2\/pages\/234","targetHints":{"allow":["GET"]}}],"collection":[{"href":"https:\/\/velasblancas.com\/en\/wp-json\/wp\/v2\/pages"}],"about":[{"href":"https:\/\/velasblancas.com\/en\/wp-json\/wp\/v2\/types\/page"}],"author":[{"embeddable":true,"href":"https:\/\/velasblancas.com\/en\/wp-json\/wp\/v2\/users\/1"}],"replies":[{"embeddable":true,"href":"https:\/\/velasblancas.com\/en\/wp-json\/wp\/v2\/comments?post=234"}],"version-history":[{"count":14,"href":"https:\/\/velasblancas.com\/en\/wp-json\/wp\/v2\/pages\/234\/revisions"}],"predecessor-version":[{"id":1162,"href":"https:\/\/velasblancas.com\/en\/wp-json\/wp\/v2\/pages\/234\/revisions\/1162"}],"wp:attachment":[{"href":"https:\/\/velasblancas.com\/en\/wp-json\/wp\/v2\/media?parent=234"}],"curies":[{"name":"wp","href":"https:\/\/api.w.org\/{rel}","templated":true}]}}