{"id":236,"date":"2023-01-24T11:28:55","date_gmt":"2023-01-24T11:28:55","guid":{"rendered":"https:\/\/velasblancas.com\/?page_id=236"},"modified":"2024-07-10T08:58:02","modified_gmt":"2024-07-10T08:58:02","slug":"politica-de-privacidad","status":"publish","type":"page","link":"https:\/\/velasblancas.com\/en\/politica-de-privacidad\/","title":{"rendered":"Privacy Policy"},"content":{"rendered":"<div data-elementor-type=\"wp-page\" data-elementor-id=\"236\" class=\"elementor elementor-236\">\n\t\t\t\t\t\t<section class=\"elementor-section elementor-top-section elementor-element elementor-element-7331c4b4 elementor-section-boxed elementor-section-height-default elementor-section-height-default\" data-id=\"7331c4b4\" data-element_type=\"section\" data-e-type=\"section\">\n\t\t\t\t\t\t<div class=\"elementor-container elementor-column-gap-default\">\n\t\t\t\t\t<div class=\"elementor-column elementor-col-100 elementor-top-column elementor-element elementor-element-7592c896\" data-id=\"7592c896\" data-element_type=\"column\" data-e-type=\"column\">\n\t\t\t<div class=\"elementor-widget-wrap elementor-element-populated\">\n\t\t\t\t\t\t<div class=\"elementor-element elementor-element-10b1969a elementor-widget elementor-widget-text-editor\" data-id=\"10b1969a\" data-element_type=\"widget\" data-e-type=\"widget\" data-widget_type=\"text-editor.default\">\n\t\t\t\t<div class=\"elementor-widget-container\">\n\t\t\t\t\t\t\t\t\t<p>Fecha de actualizaci\u00f3n: 24\/01\/2023<\/p><p>\u00a0<\/p><p>Esta Pol\u00edtica de privacidad describe las pol\u00edticas de \u00a0N\u00c1UTICA 4U SL,\u00a0C\/ La Marina Norte de Valencia, local 8, CP: 4024, VALENCIA, ESPA\u00d1A,\u00a0correo electr\u00f3nico: info@velasblancas.com,\u00a0tel\u00e9fono: +34676947454,\u00a0en la colecci\u00f3n,\u00a0uso y divulgaci\u00f3n de su informaci\u00f3n que recopilamos\u00a0cuando utiliza nuestro sitio web ( https:\/\/velasblancas.com ).\u00a0(el servicio\u00bb). Al acceder o utilizar\u00a0el\u00a0Servicio,\u00a0usted est\u00e1 dando su consentimiento para la recopilaci\u00f3n, uso y\u00a0divulgaci\u00f3n de su informaci\u00f3n de acuerdo con este\u00a0Pol\u00edtica de privacidad. Si no est\u00e1 de acuerdo con el mismo,<br \/>por favor, no acceda ni utilice el Servicio.<\/p><p>Podemos modificar esta Pol\u00edtica de privacidad en cualquier momento sin\u00a0cualquier aviso previo a usted y publicar\u00e1 la versi\u00f3n revisada\u00a0Pol\u00edtica de Privacidad en el Servicio. La Pol\u00edtica revisada\u00a0entrar\u00e1 en vigor 180 d\u00edas despu\u00e9s de que el\u00a0La Pol\u00edtica revisada se publica en el Servicio y su\u00a0acceso o uso continuado del Servicio despu\u00e9s de dicho tiempo\u00a0constituir\u00e1 su aceptaci\u00f3n de la Privacidad revisada\u00a0Pol\u00edtica. Por lo tanto, le recomendamos que peri\u00f3dicamente\u00a0revisa esta p\u00e1gina.<\/p><ol class=\"privacy-policy-ol\"><li><h2 class=\"privacy-policy-h2\">Informaci\u00f3n que recolectamos:<\/h2><p class=\"privacy-policy-p\">Recopilaremos y procesaremos los siguientes\u00a0informaci\u00f3n personal sobre usted:<\/p><ol class=\"privacy-policy-ol\"><li>Nombre y apellido<\/li><li>Correo electr\u00f3nico<\/li><li>Tel\u00e9fono<\/li><\/ol><\/li><li><h2 class=\"privacy-policy-h2\">C\u00f3mo utilizaremos la informaci\u00f3n:<\/h2><p class=\"privacy-policy-p\">Usaremos la informaci\u00f3n que recopilamos\u00a0sobre usted para los siguientes prop\u00f3sitos:<\/p><ol class=\"privacy-policy-ol\"><li>Marketing y promociones<\/li><li>Procedimientos administrativos y de facturaci\u00f3n<\/li><li>Publicidad y avisos personalizados.<\/li><\/ol><p class=\"privacy-policy-p\">Si queremos utilizar su informaci\u00f3n para cualquier otro\u00a0prop\u00f3sito, le pediremos su consentimiento previamente.<\/p><\/li><li><h2 class=\"privacy-policy-h2\">C\u00f3mo compartimos su informaci\u00f3n:<\/h2><p>No transferiremos su informaci\u00f3n personal a cualquier tercero sin contar con su consentimiento, excepto para los siguientes casos:<\/p><ol class=\"privacy-policy-ol\"><li>Servicios de Publicidad o Marketing<\/li><li>Avisos publicitarios<\/li><li>An\u00e1lisis<\/li><li>Procesamiento de datos<\/li><\/ol><p>Requerimos que dichos terceros utilicen el informaci\u00f3n personal que les transferimos solo para el prop\u00f3sito para el cual fue transferido, y no retenerlo por m\u00e1s tiempo del necesario para cumplir con dicho prop\u00f3sito.<\/p><p>Tambi\u00e9n podemos divulgar su informaci\u00f3n personal para lo siguiente: (1) para cumplir con ley, reglamento, orden judicial u otra ley proceso; (2) para hacer cumplir sus acuerdos con nosotros, incluyendo esta Pol\u00edtica de Privacidad; o (3) para responder a reclamos de que su uso del Servicio viola cualquier derecho de terceros. Si el Servicio o nuestro la empresa se fusiona o adquiere con otra empresa, su informaci\u00f3n ser\u00e1 uno de las bienes que se transfieren al nuevo propietario.<\/p><\/li><li><h2 class=\"privacy-policy-h2\">Retenci\u00f3n de informaci\u00f3n:<\/h2><p class=\"privacy-policy-p\">Conservaremos su informaci\u00f3n personal con nosotros por 90 d\u00edas y hasta 2 a\u00f1os despu\u00e9s de que los usuarios cancelen sus cuentas. Es posible que tengamos que conservar ciertos informaci\u00f3n por per\u00edodos m\u00e1s largos, como mantenimiento de registros \/ informes de acuerdo con ley aplicable o por otras razones leg\u00edtimas como la aplicaci\u00f3n de los derechos legales, el fraude prevenci\u00f3n, etc.<\/p><\/li><li><h2 class=\"privacy-policy-h2\">Sus derechos:<\/h2><p>Dependiendo de la ley que se aplique, es posible que tenga derecho a acceder y rectificar o suprimir su datos personales o recibir una copia de sus datos personales, restringir u oponerse a los activos procesamiento de sus datos. Para ejercer estos derechos, puede escribirnos a info@velasblancas.com. Responderemos a su solicitud de acuerdo con la ley aplicable.<\/p><p>Puede optar por no recibir email marketing haci\u00e9ndo click en el bot\u00f3n \u00abDesuscribirme\u00bb ubicado al pie de dichos emails. O tambi\u00e9n puede solicitarlo escribiendo a info@velasblancas.com.<\/p><p>Tenga en cuenta que si no nos permite recopilar o tratar la informaci\u00f3n personal requerida, es posible que no pueda acceder o utilizar los servicios para los cuales su informaci\u00f3n se solicit\u00f3.<\/p><\/li><li><h2 class=\"privacy-policy-h2\">Cookies, etc.<\/h2><p>Para obtener m\u00e1s informaci\u00f3n sobre c\u00f3mo utilizamos las cookies\u00a0y sus elecciones en relaci\u00f3n con estos seguimientos, consulte nuestra\u00a0<a href=\"https:\/\/velasblancas.com\/en\/politica-de-cookies\/\">Pol\u00edtica de cookies<\/a>.<\/p><\/li><li><h2 class=\"privacy-policy-h2\">Seguridad:<\/h2><p class=\"privacy-policy-p\">La seguridad de su informaci\u00f3n es importante para\u00a0nosotros y utilizaremos medidas de seguridad razonables<br \/>para evitar la p\u00e9rdida, mal uso o uso no autorizado\u00a0alteraci\u00f3n de su informaci\u00f3n bajo nuestro\u00a0control. Sin embargo, dados los riesgos inherentes,\u00a0no se puede garantizar la seguridad absoluta y\u00a0en consecuencia, lo haces bajo tu propio riesgo.<\/p><\/li><li><h2 class=\"privacy-policy-h2\">Enlaces de terceros y el uso de su informaci\u00f3n:<\/h2><p class=\"privacy-policy-p\">Nuestro Servicio puede contener enlaces a otros sitios web\u00a0que no son operados por nosotros. Esta pol\u00edtica de privacidad<br \/>no aborda la pol\u00edtica de privacidad y las\u00a0pr\u00e1cticas de cualquier tercero, incluyendo cualquier\u00a0tercero que opera cualquier sitio web o servicio\u00a0que puede ser accesible a trav\u00e9s de un enlace en nuestro sitio web.\u00a0Le recomendamos que revise la<br \/>pol\u00edtica de privacidad de cada sitio que visite. No tenemos\u00a0ning\u00fan control y no asumimos ninguna responsabilidad por<br \/>el contenido, las pol\u00edticas de privacidad o las pr\u00e1cticas de\u00a0cualquier sitio o servicio de terceros.<\/p><\/li><li><h2 class=\"privacy-policy-h2\">Responsable de quejas y protecci\u00f3n de datos:<\/h2><p class=\"privacy-policy-p\">Si tiene alguna duda o inquietud acerca del\u00a0procesamiento de su informaci\u00f3n , puede enviar un correo electr\u00f3nico a nuestro oficial de quejas de\u00a0N\u00c1UTICA 4U SL,\u00a0C\/ La Marina Norte de Valencia, local 8, CP: 4024, VALENCIA, ESPA\u00d1A,<br \/>correo electr\u00f3nico: info@velasblancas.com.\u00a0Abordaremos sus inquietudes de acuerdo con la ley aplicable.<\/p><\/li><\/ol><p>\u00a0<\/p>\t\t\t\t\t\t\t\t<\/div>\n\t\t\t\t<\/div>\n\t\t\t\t\t<\/div>\n\t\t<\/div>\n\t\t\t\t\t<\/div>\n\t\t<\/section>\n\t\t\t\t<\/div>","protected":false},"excerpt":{"rendered":"<p>Fecha de actualizaci\u00f3n: 24\/01\/2023 Esta Pol\u00edtica de privacidad describe las pol\u00edticas de \u00a0N\u00c1UTICA 4U SL,\u00a0C\/ La Marina Norte de Valencia, local 8, CP: 4024, VALENCIA, ESPA\u00d1A,\u00a0correo electr\u00f3nico: info@velasblancas.com,\u00a0tel\u00e9fono: +34676947454,\u00a0en la colecci\u00f3n,\u00a0uso y divulgaci\u00f3n de su informaci\u00f3n que recopilamos\u00a0cuando utiliza nuestro sitio web ( https:\/\/velasblancas.com ).\u00a0(el servicio\u00bb). Al acceder o utilizar\u00a0el\u00a0Servicio,\u00a0usted est\u00e1 dando su consentimiento para [&hellip;]<\/p>\n","protected":false},"author":1,"featured_media":0,"parent":0,"menu_order":0,"comment_status":"closed","ping_status":"closed","template":"","meta":{"footnotes":""},"class_list":["post-236","page","type-page","status-publish","hentry"],"yoast_head":"<!-- This site is optimized with the Yoast SEO plugin v27.5 - https:\/\/yoast.com\/product\/yoast-seo-wordpress\/ -->\n<title>Pol\u00edtica de Privacidad - Velas Blancas: Club de Navegaci\u00f3n<\/title>\n<meta name=\"robots\" content=\"noindex, follow\" \/>\n<meta property=\"og:locale\" content=\"en_GB\" \/>\n<meta property=\"og:type\" content=\"article\" \/>\n<meta property=\"og:title\" content=\"Pol\u00edtica de Privacidad - Velas Blancas: Club de Navegaci\u00f3n\" \/>\n<meta property=\"og:description\" content=\"Fecha de actualizaci\u00f3n: 24\/01\/2023 Esta Pol\u00edtica de privacidad describe las pol\u00edticas de \u00a0N\u00c1UTICA 4U SL,\u00a0C\/ La Marina Norte de Valencia, local 8, CP: 4024, VALENCIA, ESPA\u00d1A,\u00a0correo electr\u00f3nico: info@velasblancas.com,\u00a0tel\u00e9fono: +34676947454,\u00a0en la colecci\u00f3n,\u00a0uso y divulgaci\u00f3n de su informaci\u00f3n que recopilamos\u00a0cuando utiliza nuestro sitio web ( https:\/\/velasblancas.com ).\u00a0(el servicio\u00bb). Al acceder o utilizar\u00a0el\u00a0Servicio,\u00a0usted est\u00e1 dando su consentimiento para [&hellip;]\" \/>\n<meta property=\"og:url\" content=\"https:\/\/velasblancas.com\/en\/politica-de-privacidad\/\" \/>\n<meta property=\"og:site_name\" content=\"Velas Blancas: Club de Navegaci\u00f3n\" \/>\n<meta property=\"article:modified_time\" content=\"2024-07-10T08:58:02+00:00\" \/>\n<meta property=\"og:image\" content=\"https:\/\/velasblancas.com\/wp-content\/uploads\/2023\/05\/barco-navegacion-compartida-valencia-2.jpeg\" \/>\n\t<meta property=\"og:image:width\" content=\"1536\" \/>\n\t<meta property=\"og:image:height\" content=\"2048\" \/>\n\t<meta property=\"og:image:type\" content=\"image\/jpeg\" \/>\n<meta name=\"twitter:card\" content=\"summary_large_image\" \/>\n<meta name=\"twitter:label1\" content=\"Estimated reading time\" \/>\n\t<meta name=\"twitter:data1\" content=\"4 minutes\" \/>\n<script type=\"application\/ld+json\" class=\"yoast-schema-graph\">{\"@context\":\"https:\\\/\\\/schema.org\",\"@graph\":[{\"@type\":\"WebPage\",\"@id\":\"https:\\\/\\\/velasblancas.com\\\/politica-de-privacidad\\\/\",\"url\":\"https:\\\/\\\/velasblancas.com\\\/politica-de-privacidad\\\/\",\"name\":\"Pol\u00edtica de Privacidad - Velas Blancas: Club de Navegaci\u00f3n\",\"isPartOf\":{\"@id\":\"https:\\\/\\\/velasblancas.com\\\/#website\"},\"datePublished\":\"2023-01-24T11:28:55+00:00\",\"dateModified\":\"2024-07-10T08:58:02+00:00\",\"breadcrumb\":{\"@id\":\"https:\\\/\\\/velasblancas.com\\\/politica-de-privacidad\\\/#breadcrumb\"},\"inLanguage\":\"en-GB\",\"potentialAction\":[{\"@type\":\"ReadAction\",\"target\":[\"https:\\\/\\\/velasblancas.com\\\/politica-de-privacidad\\\/\"]}]},{\"@type\":\"BreadcrumbList\",\"@id\":\"https:\\\/\\\/velasblancas.com\\\/politica-de-privacidad\\\/#breadcrumb\",\"itemListElement\":[{\"@type\":\"ListItem\",\"position\":1,\"name\":\"Portada\",\"item\":\"https:\\\/\\\/velasblancas.com\\\/\"},{\"@type\":\"ListItem\",\"position\":2,\"name\":\"Pol\u00edtica de Privacidad\"}]},{\"@type\":\"WebSite\",\"@id\":\"https:\\\/\\\/velasblancas.com\\\/#website\",\"url\":\"https:\\\/\\\/velasblancas.com\\\/\",\"name\":\"Velas Blancas Club de Navegaci\u00f3n\",\"description\":\"Tu oportunidad para disfrutar del mar\",\"publisher\":{\"@id\":\"https:\\\/\\\/velasblancas.com\\\/#organization\"},\"alternateName\":\"Velas Blancas Club\",\"potentialAction\":[{\"@type\":\"SearchAction\",\"target\":{\"@type\":\"EntryPoint\",\"urlTemplate\":\"https:\\\/\\\/velasblancas.com\\\/?s={search_term_string}\"},\"query-input\":{\"@type\":\"PropertyValueSpecification\",\"valueRequired\":true,\"valueName\":\"search_term_string\"}}],\"inLanguage\":\"en-GB\"},{\"@type\":\"Organization\",\"@id\":\"https:\\\/\\\/velasblancas.com\\\/#organization\",\"name\":\"Velas Blancas | Club de Navegaci\u00f3n\",\"url\":\"https:\\\/\\\/velasblancas.com\\\/\",\"logo\":{\"@type\":\"ImageObject\",\"inLanguage\":\"en-GB\",\"@id\":\"https:\\\/\\\/velasblancas.com\\\/#\\\/schema\\\/logo\\\/image\\\/\",\"url\":\"https:\\\/\\\/velasblancas.com\\\/wp-content\\\/uploads\\\/2023\\\/01\\\/logo-velas-blancas-full.png\",\"contentUrl\":\"https:\\\/\\\/velasblancas.com\\\/wp-content\\\/uploads\\\/2023\\\/01\\\/logo-velas-blancas-full.png\",\"width\":1000,\"height\":414,\"caption\":\"Velas Blancas | Club de Navegaci\u00f3n\"},\"image\":{\"@id\":\"https:\\\/\\\/velasblancas.com\\\/#\\\/schema\\\/logo\\\/image\\\/\"},\"sameAs\":[\"https:\\\/\\\/www.instagram.com\\\/velasblancasclub\\\/\"]}]}<\/script>\n<!-- \/ Yoast SEO plugin. -->","yoast_head_json":{"title":"Pol\u00edtica de Privacidad - Velas Blancas: Club de Navegaci\u00f3n","robots":{"index":"noindex","follow":"follow"},"og_locale":"en_GB","og_type":"article","og_title":"Pol\u00edtica de Privacidad - Velas Blancas: Club de Navegaci\u00f3n","og_description":"Fecha de actualizaci\u00f3n: 24\/01\/2023 Esta Pol\u00edtica de privacidad describe las pol\u00edticas de \u00a0N\u00c1UTICA 4U SL,\u00a0C\/ La Marina Norte de Valencia, local 8, CP: 4024, VALENCIA, ESPA\u00d1A,\u00a0correo electr\u00f3nico: info@velasblancas.com,\u00a0tel\u00e9fono: +34676947454,\u00a0en la colecci\u00f3n,\u00a0uso y divulgaci\u00f3n de su informaci\u00f3n que recopilamos\u00a0cuando utiliza nuestro sitio web ( https:\/\/velasblancas.com ).\u00a0(el servicio\u00bb). Al acceder o utilizar\u00a0el\u00a0Servicio,\u00a0usted est\u00e1 dando su consentimiento para [&hellip;]","og_url":"https:\/\/velasblancas.com\/en\/politica-de-privacidad\/","og_site_name":"Velas Blancas: Club de Navegaci\u00f3n","article_modified_time":"2024-07-10T08:58:02+00:00","og_image":[{"width":1536,"height":2048,"url":"https:\/\/velasblancas.com\/wp-content\/uploads\/2023\/05\/barco-navegacion-compartida-valencia-2.jpeg","type":"image\/jpeg"}],"twitter_card":"summary_large_image","twitter_misc":{"Estimated reading time":"4 minutes"},"schema":{"@context":"https:\/\/schema.org","@graph":[{"@type":"WebPage","@id":"https:\/\/velasblancas.com\/politica-de-privacidad\/","url":"https:\/\/velasblancas.com\/politica-de-privacidad\/","name":"Pol\u00edtica de Privacidad - Velas Blancas: Club de Navegaci\u00f3n","isPartOf":{"@id":"https:\/\/velasblancas.com\/#website"},"datePublished":"2023-01-24T11:28:55+00:00","dateModified":"2024-07-10T08:58:02+00:00","breadcrumb":{"@id":"https:\/\/velasblancas.com\/politica-de-privacidad\/#breadcrumb"},"inLanguage":"en-GB","potentialAction":[{"@type":"ReadAction","target":["https:\/\/velasblancas.com\/politica-de-privacidad\/"]}]},{"@type":"BreadcrumbList","@id":"https:\/\/velasblancas.com\/politica-de-privacidad\/#breadcrumb","itemListElement":[{"@type":"ListItem","position":1,"name":"Portada","item":"https:\/\/velasblancas.com\/"},{"@type":"ListItem","position":2,"name":"Pol\u00edtica de Privacidad"}]},{"@type":"WebSite","@id":"https:\/\/velasblancas.com\/#website","url":"https:\/\/velasblancas.com\/","name":"Velas Blancas Sailing Club","description":"Your opportunity to enjoy the sea","publisher":{"@id":"https:\/\/velasblancas.com\/#organization"},"alternateName":"Velas Blancas Club","potentialAction":[{"@type":"SearchAction","target":{"@type":"EntryPoint","urlTemplate":"https:\/\/velasblancas.com\/?s={search_term_string}"},"query-input":{"@type":"PropertyValueSpecification","valueRequired":true,"valueName":"search_term_string"}}],"inLanguage":"en-GB"},{"@type":"Organization","@id":"https:\/\/velasblancas.com\/#organization","name":"Velas Blancas | Club de Navegaci\u00f3n","url":"https:\/\/velasblancas.com\/","logo":{"@type":"ImageObject","inLanguage":"en-GB","@id":"https:\/\/velasblancas.com\/#\/schema\/logo\/image\/","url":"https:\/\/velasblancas.com\/wp-content\/uploads\/2023\/01\/logo-velas-blancas-full.png","contentUrl":"https:\/\/velasblancas.com\/wp-content\/uploads\/2023\/01\/logo-velas-blancas-full.png","width":1000,"height":414,"caption":"Velas Blancas | Club de Navegaci\u00f3n"},"image":{"@id":"https:\/\/velasblancas.com\/#\/schema\/logo\/image\/"},"sameAs":["https:\/\/www.instagram.com\/velasblancasclub\/"]}]}},"_links":{"self":[{"href":"https:\/\/velasblancas.com\/en\/wp-json\/wp\/v2\/pages\/236","targetHints":{"allow":["GET"]}}],"collection":[{"href":"https:\/\/velasblancas.com\/en\/wp-json\/wp\/v2\/pages"}],"about":[{"href":"https:\/\/velasblancas.com\/en\/wp-json\/wp\/v2\/types\/page"}],"author":[{"embeddable":true,"href":"https:\/\/velasblancas.com\/en\/wp-json\/wp\/v2\/users\/1"}],"replies":[{"embeddable":true,"href":"https:\/\/velasblancas.com\/en\/wp-json\/wp\/v2\/comments?post=236"}],"version-history":[{"count":10,"href":"https:\/\/velasblancas.com\/en\/wp-json\/wp\/v2\/pages\/236\/revisions"}],"predecessor-version":[{"id":1161,"href":"https:\/\/velasblancas.com\/en\/wp-json\/wp\/v2\/pages\/236\/revisions\/1161"}],"wp:attachment":[{"href":"https:\/\/velasblancas.com\/en\/wp-json\/wp\/v2\/media?parent=236"}],"curies":[{"name":"wp","href":"https:\/\/api.w.org\/{rel}","templated":true}]}}